{"id":11,"date":"2014-07-10T09:55:24","date_gmt":"2014-07-10T07:55:24","guid":{"rendered":"http:\/\/it-connected.com\/?page_id=11"},"modified":"2018-05-25T09:14:31","modified_gmt":"2018-05-25T07:14:31","slug":"hausautomation","status":"publish","type":"page","link":"https:\/\/it-connected.com\/en\/hausautomation\/","title":{"rendered":"Hausautomation"},"content":{"rendered":"<p><img loading=\"lazy\" class=\"aligncenter\" src=\"https:\/\/unser-smart-home.de\/wp-content\/uploads\/2016\/07\/Logo-Smart-Homes.jpg\" alt=\"\" width=\"642\" height=\"267\" \/><\/p>\n<h1 style=\"text-align: center;\">SMART HOME\u00a0&#8211;\u00a0ENDLICH EINFACH<\/h1>\n<h2 style=\"text-align: justify;\">Von der einfachen Steuerung Ihrer Jalousien und Heizung bis zur intelligenten Einzelraumsteuerung, von Alarm \u00fcber Musik bis hin zur Energieeffizienz.\u00a0Wir decken\u00a0alle Aspekte eines modernen Smart Homes ab. Entdecken Sie die M\u00f6glichkeiten!<\/h2>\n<p>Sie wollen keine Insell\u00f6sungen mehr? Sie wollen nicht f\u00fcr jede Funktion eine eigene App starten? Ihnen fehlt die \u00fcbergreifende Logik? Ihre Heizung wei\u00df nicht, was die Rolll\u00e4den machen? Damit ist jetzt Schluss.\u00a0In Ihrem zuk\u00fcnftigen Smart Home wird alles in einem zentralen intelligenten Herzst\u00fcck zusammengefasst. Gew\u00f6hnliche Taster und simple Steuerelemente werden genauso in das System integriert wie Photovoltaikanlagen und andere komplexe Systeme.<\/p>\n<p>Der Gro\u00dfteil Ihres Hauses kann dabei automatisiert werden. Ihr\u00a0Smart Home erkennt automatisch Situationen wie Anwesenheit, Temperatur, Wetter, Brand, Einbruch, Sonnenuntergang und noch vieles mehr. Es wei\u00df eigenst\u00e4ndig was zu tun ist und macht dadurch Ihr Zuhause intelligent. Oder wollen Sie jeden Morgen und jeden Abend jede einzelne Rollade in Ihrem Haus manuell bet\u00e4tigen? Nat\u00fcrlich k\u00f6nnen Sie zu jeder Zeit in die Automatismen eingreifen. Mit Tastern und nur einer einzigen App steuern Sie Ihr gesamtes Smat Home &#8211; zu Hause oder von Unterwegs. Ihr Haus passt sich\u00a0an Ihre Lebensgewohnheiten an und nicht umgekehrt.<\/p>\n<h2>Besuchen Sie uns unter: <a href=\"https:\/\/www.unser-smart-home.de\" target=\"_blank\">www.unser-smart-home.de<\/a><\/h2>\n<p><\/p>","protected":false},"excerpt":{"rendered":"<p>SMART HOME\u00a0&#8211;\u00a0ENDLICH EINFACH Von der einfachen Steuerung Ihrer Jalousien und Heizung bis zur intelligenten Einzelraumsteuerung, von Alarm \u00fcber Musik bis hin zur Energieeffizienz.\u00a0Wir decken\u00a0alle Aspekte eines modernen Smart Homes ab. Entdecken Sie die M\u00f6glichkeiten! Sie wollen keine Insell\u00f6sungen mehr? Sie wollen nicht f\u00fcr jede Funktion eine eigene App starten? Ihnen fehlt die \u00fcbergreifende Logik? Ihre [&hellip;]<\/p>\n","protected":false},"author":3,"featured_media":0,"parent":0,"menu_order":0,"comment_status":"open","ping_status":"open","template":"full-width.php","meta":[],"yoast_head":"<!-- This site is optimized with the Yoast SEO plugin v19.4 - https:\/\/yoast.com\/wordpress\/plugins\/seo\/ -->\n<title>Hausautomation - IT-Connected GmbH &amp; Co. KG<\/title>\n<meta name=\"robots\" content=\"index, follow, max-snippet:-1, max-image-preview:large, max-video-preview:-1\" \/>\n<link rel=\"canonical\" href=\"https:\/\/it-connected.com\/hausautomation\/\" \/>\n<meta property=\"og:locale\" content=\"en_US\" \/>\n<meta property=\"og:type\" content=\"article\" \/>\n<meta property=\"og:title\" content=\"Hausautomation - IT-Connected GmbH &amp; Co. KG\" \/>\n<meta property=\"og:description\" content=\"SMART HOME\u00a0&#8211;\u00a0ENDLICH EINFACH Von der einfachen Steuerung Ihrer Jalousien und Heizung bis zur intelligenten Einzelraumsteuerung, von Alarm \u00fcber Musik bis hin zur Energieeffizienz.\u00a0Wir decken\u00a0alle Aspekte eines modernen Smart Homes ab. Entdecken Sie die M\u00f6glichkeiten! Sie wollen keine Insell\u00f6sungen mehr? Sie wollen nicht f\u00fcr jede Funktion eine eigene App starten? Ihnen fehlt die \u00fcbergreifende Logik? Ihre [&hellip;]\" \/>\n<meta property=\"og:url\" content=\"https:\/\/it-connected.com\/hausautomation\/\" \/>\n<meta property=\"og:site_name\" content=\"IT-Connected GmbH &amp; Co. KG\" \/>\n<meta property=\"article:modified_time\" content=\"2018-05-25T07:14:31+00:00\" \/>\n<meta property=\"og:image\" content=\"https:\/\/unser-smart-home.de\/wp-content\/uploads\/2016\/07\/Logo-Smart-Homes.jpg\" \/>\n<meta name=\"twitter:card\" content=\"summary\" \/>\n<meta name=\"twitter:label1\" content=\"Est. reading time\" \/>\n\t<meta name=\"twitter:data1\" content=\"2 minutes\" \/>\n<script type=\"application\/ld+json\" class=\"yoast-schema-graph\">{\"@context\":\"https:\/\/schema.org\",\"@graph\":[{\"@type\":\"Organization\",\"@id\":\"https:\/\/it-connected.com\/#organization\",\"name\":\"ITCS\",\"url\":\"https:\/\/it-connected.com\/\",\"sameAs\":[],\"logo\":{\"@type\":\"ImageObject\",\"inLanguage\":\"en-US\",\"@id\":\"https:\/\/it-connected.com\/#\/schema\/logo\/image\/\",\"url\":\"https:\/\/it-connected.com\/wp-content\/uploads\/2014\/07\/ITCS_trans.png\",\"contentUrl\":\"https:\/\/it-connected.com\/wp-content\/uploads\/2014\/07\/ITCS_trans.png\",\"width\":327,\"height\":78,\"caption\":\"ITCS\"},\"image\":{\"@id\":\"https:\/\/it-connected.com\/#\/schema\/logo\/image\/\"}},{\"@type\":\"WebSite\",\"@id\":\"https:\/\/it-connected.com\/#website\",\"url\":\"https:\/\/it-connected.com\/\",\"name\":\"IT-Connected GmbH &amp; Co. KG\",\"description\":\"(Deutsch) Einfach.Gemeinsam.Arbeiten.[:enSimple.Working.Together.\",\"publisher\":{\"@id\":\"https:\/\/it-connected.com\/#organization\"},\"potentialAction\":[{\"@type\":\"SearchAction\",\"target\":{\"@type\":\"EntryPoint\",\"urlTemplate\":\"https:\/\/it-connected.com\/?s={search_term_string}\"},\"query-input\":\"required name=search_term_string\"}],\"inLanguage\":\"en-US\"},{\"@type\":\"WebPage\",\"@id\":\"https:\/\/it-connected.com\/hausautomation\/\",\"url\":\"https:\/\/it-connected.com\/hausautomation\/\",\"name\":\"Hausautomation - IT-Connected GmbH &amp; Co. KG\",\"isPartOf\":{\"@id\":\"https:\/\/it-connected.com\/#website\"},\"datePublished\":\"2014-07-10T07:55:24+00:00\",\"dateModified\":\"2018-05-25T07:14:31+00:00\",\"breadcrumb\":{\"@id\":\"https:\/\/it-connected.com\/hausautomation\/#breadcrumb\"},\"inLanguage\":\"en-US\",\"potentialAction\":[{\"@type\":\"ReadAction\",\"target\":[\"https:\/\/it-connected.com\/hausautomation\/\"]}]},{\"@type\":\"BreadcrumbList\",\"@id\":\"https:\/\/it-connected.com\/hausautomation\/#breadcrumb\",\"itemListElement\":[{\"@type\":\"ListItem\",\"position\":1,\"name\":\"Startseite\",\"item\":\"https:\/\/it-connected.com\/en\/\"},{\"@type\":\"ListItem\",\"position\":2,\"name\":\"Hausautomation\"}]}]}<\/script>\n<!-- \/ Yoast SEO plugin. -->","yoast_head_json":{"title":"Hausautomation - IT-Connected GmbH &amp; Co. KG","robots":{"index":"index","follow":"follow","max-snippet":"max-snippet:-1","max-image-preview":"max-image-preview:large","max-video-preview":"max-video-preview:-1"},"canonical":"https:\/\/it-connected.com\/hausautomation\/","og_locale":"en_US","og_type":"article","og_title":"Hausautomation - IT-Connected GmbH &amp; Co. KG","og_description":"SMART HOME\u00a0&#8211;\u00a0ENDLICH EINFACH Von der einfachen Steuerung Ihrer Jalousien und Heizung bis zur intelligenten Einzelraumsteuerung, von Alarm \u00fcber Musik bis hin zur Energieeffizienz.\u00a0Wir decken\u00a0alle Aspekte eines modernen Smart Homes ab. Entdecken Sie die M\u00f6glichkeiten! Sie wollen keine Insell\u00f6sungen mehr? Sie wollen nicht f\u00fcr jede Funktion eine eigene App starten? Ihnen fehlt die \u00fcbergreifende Logik? Ihre [&hellip;]","og_url":"https:\/\/it-connected.com\/hausautomation\/","og_site_name":"IT-Connected GmbH &amp; Co. KG","article_modified_time":"2018-05-25T07:14:31+00:00","og_image":[{"url":"https:\/\/unser-smart-home.de\/wp-content\/uploads\/2016\/07\/Logo-Smart-Homes.jpg"}],"twitter_card":"summary","twitter_misc":{"Est. reading time":"2 minutes"},"schema":{"@context":"https:\/\/schema.org","@graph":[{"@type":"Organization","@id":"https:\/\/it-connected.com\/#organization","name":"ITCS","url":"https:\/\/it-connected.com\/","sameAs":[],"logo":{"@type":"ImageObject","inLanguage":"en-US","@id":"https:\/\/it-connected.com\/#\/schema\/logo\/image\/","url":"https:\/\/it-connected.com\/wp-content\/uploads\/2014\/07\/ITCS_trans.png","contentUrl":"https:\/\/it-connected.com\/wp-content\/uploads\/2014\/07\/ITCS_trans.png","width":327,"height":78,"caption":"ITCS"},"image":{"@id":"https:\/\/it-connected.com\/#\/schema\/logo\/image\/"}},{"@type":"WebSite","@id":"https:\/\/it-connected.com\/#website","url":"https:\/\/it-connected.com\/","name":"IT-Connected GmbH &amp; Co. KG","description":"(Deutsch) Einfach.Gemeinsam.Arbeiten.[:enSimple.Working.Together.","publisher":{"@id":"https:\/\/it-connected.com\/#organization"},"potentialAction":[{"@type":"SearchAction","target":{"@type":"EntryPoint","urlTemplate":"https:\/\/it-connected.com\/?s={search_term_string}"},"query-input":"required name=search_term_string"}],"inLanguage":"en-US"},{"@type":"WebPage","@id":"https:\/\/it-connected.com\/hausautomation\/","url":"https:\/\/it-connected.com\/hausautomation\/","name":"Hausautomation - IT-Connected GmbH &amp; Co. KG","isPartOf":{"@id":"https:\/\/it-connected.com\/#website"},"datePublished":"2014-07-10T07:55:24+00:00","dateModified":"2018-05-25T07:14:31+00:00","breadcrumb":{"@id":"https:\/\/it-connected.com\/hausautomation\/#breadcrumb"},"inLanguage":"en-US","potentialAction":[{"@type":"ReadAction","target":["https:\/\/it-connected.com\/hausautomation\/"]}]},{"@type":"BreadcrumbList","@id":"https:\/\/it-connected.com\/hausautomation\/#breadcrumb","itemListElement":[{"@type":"ListItem","position":1,"name":"Startseite","item":"https:\/\/it-connected.com\/en\/"},{"@type":"ListItem","position":2,"name":"Hausautomation"}]}]}},"_links":{"self":[{"href":"https:\/\/it-connected.com\/en\/wp-json\/wp\/v2\/pages\/11"}],"collection":[{"href":"https:\/\/it-connected.com\/en\/wp-json\/wp\/v2\/pages"}],"about":[{"href":"https:\/\/it-connected.com\/en\/wp-json\/wp\/v2\/types\/page"}],"author":[{"embeddable":true,"href":"https:\/\/it-connected.com\/en\/wp-json\/wp\/v2\/users\/3"}],"replies":[{"embeddable":true,"href":"https:\/\/it-connected.com\/en\/wp-json\/wp\/v2\/comments?post=11"}],"version-history":[{"count":22,"href":"https:\/\/it-connected.com\/en\/wp-json\/wp\/v2\/pages\/11\/revisions"}],"predecessor-version":[{"id":585,"href":"https:\/\/it-connected.com\/en\/wp-json\/wp\/v2\/pages\/11\/revisions\/585"}],"wp:attachment":[{"href":"https:\/\/it-connected.com\/en\/wp-json\/wp\/v2\/media?parent=11"}],"curies":[{"name":"wp","href":"https:\/\/api.w.org\/{rel}","templated":true}]}}